{"id":58,"date":"2023-02-12T19:08:02","date_gmt":"2023-02-12T19:08:02","guid":{"rendered":"https:\/\/www.speckonsulting.com\/?page_id=58"},"modified":"2024-12-04T11:48:24","modified_gmt":"2024-12-04T11:48:24","slug":"quienes-somos","status":"publish","type":"page","link":"https:\/\/www.speckonsulting.com\/index.php\/quienes-somos\/","title":{"rendered":"\u00bfQui\u00e9nes somos?"},"content":{"rendered":"\t\t<div data-elementor-type=\"wp-page\" data-elementor-id=\"58\" class=\"elementor elementor-58\">\n\t\t\t\t\t\t\t\t\t<section class=\"elementor-section elementor-top-section elementor-element elementor-element-f131ad7 elementor-section-boxed elementor-section-height-default elementor-section-height-default\" data-id=\"f131ad7\" data-element_type=\"section\">\n\t\t\t\t\t\t<div class=\"elementor-container elementor-column-gap-default\">\n\t\t\t\t\t<div class=\"elementor-column elementor-col-100 elementor-top-column elementor-element elementor-element-c02274e\" data-id=\"c02274e\" data-element_type=\"column\">\n\t\t\t<div class=\"elementor-widget-wrap elementor-element-populated\">\n\t\t\t\t\t\t\t\t<div class=\"elementor-element elementor-element-e281046 elementor-widget elementor-widget-text-editor\" data-id=\"e281046\" data-element_type=\"widget\" data-widget_type=\"text-editor.default\">\n\t\t\t\t<div class=\"elementor-widget-container\">\n\t\t\t<style>\/*! elementor - v3.10.2 - 29-01-2023 *\/\n.elementor-widget-text-editor.elementor-drop-cap-view-stacked .elementor-drop-cap{background-color:#818a91;color:#fff}.elementor-widget-text-editor.elementor-drop-cap-view-framed .elementor-drop-cap{color:#818a91;border:3px solid;background-color:transparent}.elementor-widget-text-editor:not(.elementor-drop-cap-view-default) .elementor-drop-cap{margin-top:8px}.elementor-widget-text-editor:not(.elementor-drop-cap-view-default) .elementor-drop-cap-letter{width:1em;height:1em}.elementor-widget-text-editor .elementor-drop-cap{float:left;text-align:center;line-height:1;font-size:50px}.elementor-widget-text-editor .elementor-drop-cap-letter{display:inline-block}<\/style>\t\t\t\t<p>En <strong>Spec Consulting<\/strong>, nuestro compromiso es claro: impulsar el \u00e9xito de los proyectos de nuestros clientes en diversas \u00e1reas de negocio. Somos una <strong>empresa multidisciplinar<\/strong> que se beneficia de la amplia experiencia adquirida a lo largo de los a\u00f1os. Cada proyecto realizado y cada desaf\u00edo superado nos han permitido identificar y corregir errores para alcanzar una mayor <strong>eficiencia<\/strong> y evitar gestiones improductivas.<\/p><p>Contamos con s\u00f3lidas divisiones de <strong>importaci\u00f3n y exportaci\u00f3n<\/strong>, adem\u00e1s de un destacado enfoque en la <strong>obtenci\u00f3n de financiaci\u00f3n para proyectos<\/strong>, lo que nos posiciona como un referente singular dentro del \u00e1mbito de los <strong>servicios internacionales<\/strong>.<\/p><p>Nuestra presencia abarca regiones estrat\u00e9gicas como <strong>Asia<\/strong>, <strong>\u00c1frica<\/strong>, <strong>Oriente Medio<\/strong>, <strong>Estados Unidos<\/strong> y <strong>Am\u00e9rica del Sur<\/strong>, donde colaboramos con socios locales para garantizar una gesti\u00f3n contractual efectiva. Para ello, trabajamos con expertos en <strong>derecho internacional<\/strong>, asegurando un respaldo legal de primer nivel en todas nuestras operaciones.<\/p><p>Fundada en <strong>2015<\/strong> y con sede en <strong>Asturias<\/strong>, <strong>Spec Consulting<\/strong> ha crecido r\u00e1pidamente gracias a su apuesta por la <strong>innovaci\u00f3n<\/strong>, el <strong>talento<\/strong> y la <strong>calidad<\/strong>. Estos pilares nos han convertido en un referente global en el sector.<\/p><p>Estamos especializados en la ejecuci\u00f3n integral de proyectos <strong>EPC<\/strong>\u00a0y en la prestaci\u00f3n de servicios para los sectores <strong>energ\u00e9tico<\/strong>, <strong>industrial<\/strong> y <strong>log\u00edstico<\/strong>. Nuestro enfoque global y nuestra experiencia nos permiten ofrecer soluciones adaptadas a las necesidades espec\u00edficas de cada cliente, garantizando resultados sobresalientes en cada proyecto.<\/p>\t\t\t\t\t\t<\/div>\n\t\t\t\t<\/div>\n\t\t\t\t\t<\/div>\n\t\t<\/div>\n\t\t\t\t\t\t\t<\/div>\n\t\t<\/section>\n\t\t\t\t<section class=\"elementor-section elementor-top-section elementor-element elementor-element-c1bd82c elementor-section-boxed elementor-section-height-default elementor-section-height-default\" data-id=\"c1bd82c\" data-element_type=\"section\">\n\t\t\t\t\t\t<div class=\"elementor-container elementor-column-gap-default\">\n\t\t\t\t\t<div class=\"elementor-column elementor-col-100 elementor-top-column elementor-element elementor-element-2179bed\" data-id=\"2179bed\" data-element_type=\"column\">\n\t\t\t<div class=\"elementor-widget-wrap elementor-element-populated\">\n\t\t\t\t\t\t\t\t<div class=\"elementor-element elementor-element-e03ff43 elementor-widget elementor-widget-heading\" data-id=\"e03ff43\" data-element_type=\"widget\" data-widget_type=\"heading.default\">\n\t\t\t\t<div class=\"elementor-widget-container\">\n\t\t\t<style>\/*! elementor - v3.10.2 - 29-01-2023 *\/\n.elementor-heading-title{padding:0;margin:0;line-height:1}.elementor-widget-heading .elementor-heading-title[class*=elementor-size-]>a{color:inherit;font-size:inherit;line-height:inherit}.elementor-widget-heading .elementor-heading-title.elementor-size-small{font-size:15px}.elementor-widget-heading .elementor-heading-title.elementor-size-medium{font-size:19px}.elementor-widget-heading .elementor-heading-title.elementor-size-large{font-size:29px}.elementor-widget-heading .elementor-heading-title.elementor-size-xl{font-size:39px}.elementor-widget-heading .elementor-heading-title.elementor-size-xxl{font-size:59px}<\/style><h2 class=\"elementor-heading-title elementor-size-default\">\u00c1reas de negocio<\/h2>\t\t<\/div>\n\t\t\t\t<\/div>\n\t\t\t\t\t<\/div>\n\t\t<\/div>\n\t\t\t\t\t\t\t<\/div>\n\t\t<\/section>\n\t\t\t\t<section class=\"elementor-section elementor-top-section elementor-element elementor-element-b2377ff elementor-section-boxed elementor-section-height-default elementor-section-height-default\" data-id=\"b2377ff\" data-element_type=\"section\">\n\t\t\t\t\t\t<div class=\"elementor-container elementor-column-gap-default\">\n\t\t\t\t\t<div class=\"elementor-column elementor-col-100 elementor-top-column elementor-element elementor-element-1257fb8\" data-id=\"1257fb8\" data-element_type=\"column\">\n\t\t\t<div class=\"elementor-widget-wrap elementor-element-populated\">\n\t\t\t\t\t\t\t\t<div class=\"elementor-element elementor-element-af8f6a6 elementor-widget elementor-widget-text-editor\" data-id=\"af8f6a6\" data-element_type=\"widget\" data-widget_type=\"text-editor.default\">\n\t\t\t\t<div class=\"elementor-widget-container\">\n\t\t\t\t\t\t\t<p>Para garantizar un enfoque especializado y adaptado a las necesidades de cada cliente, en <strong>Spec Consulting<\/strong> nos organizamos en <strong>unidades de negocio<\/strong> altamente focalizadas:<\/p><ul><li><strong>Energ\u00eda Convencional<\/strong>: Desarrollo y gesti\u00f3n de proyectos relacionados con fuentes de energ\u00eda tradicionales.<\/li><li><strong>Energ\u00edas Renovables<\/strong>: Implementaci\u00f3n de soluciones sostenibles en energ\u00eda solar, e\u00f3lica y otras fuentes renovables.<\/li><li><strong>Mining &amp; Handling<\/strong>: Servicios especializados en miner\u00eda y gesti\u00f3n de materiales.<\/li><li><strong>Oil &amp; Gas<\/strong>: Ejecuci\u00f3n de proyectos en exploraci\u00f3n, extracci\u00f3n y procesamiento de hidrocarburos.<\/li><li><strong>Plantas Industriales<\/strong>: Dise\u00f1o, construcci\u00f3n y puesta en marcha de instalaciones industriales.<\/li><li><strong>Sistemas Log\u00edsticos<\/strong>: Desarrollo de infraestructuras y soluciones log\u00edsticas adaptadas a las cadenas de suministro globales.<\/li><\/ul><p>Esta estructura nos permite abordar proyectos de manera integral, combinando experiencia t\u00e9cnica, innovaci\u00f3n y eficiencia. Gracias a nuestra organizaci\u00f3n, respondemos de manera \u00e1gil y eficaz a los retos de cada sector, consolid\u00e1ndonos como un socio estrat\u00e9gico para empresas de todo el mundo.<\/p>\t\t\t\t\t\t<\/div>\n\t\t\t\t<\/div>\n\t\t\t\t\t<\/div>\n\t\t<\/div>\n\t\t\t\t\t\t\t<\/div>\n\t\t<\/section>\n\t\t\t\t<section class=\"elementor-section elementor-top-section elementor-element elementor-element-6bbd4ea elementor-section-boxed elementor-section-height-default elementor-section-height-default\" data-id=\"6bbd4ea\" data-element_type=\"section\">\n\t\t\t\t\t\t<div class=\"elementor-container elementor-column-gap-default\">\n\t\t\t\t\t<div class=\"elementor-column elementor-col-100 elementor-top-column elementor-element elementor-element-6d30d5c\" data-id=\"6d30d5c\" data-element_type=\"column\">\n\t\t\t<div class=\"elementor-widget-wrap elementor-element-populated\">\n\t\t\t\t\t\t\t\t<div class=\"elementor-element elementor-element-a01bea8 elementor-widget elementor-widget-heading\" data-id=\"a01bea8\" data-element_type=\"widget\" data-widget_type=\"heading.default\">\n\t\t\t\t<div class=\"elementor-widget-container\">\n\t\t\t<h2 class=\"elementor-heading-title elementor-size-default\">Referencias<\/h2>\t\t<\/div>\n\t\t\t\t<\/div>\n\t\t\t\t\t<\/div>\n\t\t<\/div>\n\t\t\t\t\t\t\t<\/div>\n\t\t<\/section>\n\t\t\t\t<section class=\"elementor-section elementor-top-section elementor-element elementor-element-fa80903 elementor-section-boxed elementor-section-height-default elementor-section-height-default\" data-id=\"fa80903\" data-element_type=\"section\">\n\t\t\t\t\t\t<div class=\"elementor-container elementor-column-gap-default\">\n\t\t\t\t\t<div class=\"elementor-column elementor-col-100 elementor-top-column elementor-element elementor-element-982dc2f\" data-id=\"982dc2f\" data-element_type=\"column\">\n\t\t\t<div class=\"elementor-widget-wrap elementor-element-populated\">\n\t\t\t\t\t\t\t\t<div class=\"elementor-element elementor-element-950f4e6 elementor-widget elementor-widget-text-editor\" data-id=\"950f4e6\" data-element_type=\"widget\" data-widget_type=\"text-editor.default\">\n\t\t\t\t<div class=\"elementor-widget-container\">\n\t\t\t\t\t\t\t<p>En <strong>Spec Consulting<\/strong>, nos distinguimos por nuestras <strong>excelentes referencias<\/strong> y por haber desarrollado proyectos de gran relevancia en regiones clave como <strong>Latinoam\u00e9rica<\/strong>, <strong>Europa<\/strong>, <strong>Asia<\/strong> y <strong>\u00c1frica<\/strong>.\u00a0<\/p><p>Adem\u00e1s, mantenemos una colaboraci\u00f3n activa con los <strong>principales tecn\u00f3logos del mundo<\/strong>, incluyendo l\u00edderes de la industria como <strong>General Electric<\/strong>, <strong>Alstom Power<\/strong>, <strong>Siemens<\/strong> y <strong>Mitsubishi<\/strong>. Estas alianzas estrat\u00e9gicas nos permiten acceder a las tecnolog\u00edas m\u00e1s avanzadas y ofrecer soluciones de \u00faltima generaci\u00f3n en todos los proyectos que ejecutamos.<\/p>\t\t\t\t\t\t<\/div>\n\t\t\t\t<\/div>\n\t\t\t\t\t<\/div>\n\t\t<\/div>\n\t\t\t\t\t\t\t<\/div>\n\t\t<\/section>\n\t\t\t\t<section class=\"elementor-section elementor-top-section elementor-element elementor-element-bee58bf elementor-section-boxed elementor-section-height-default elementor-section-height-default\" data-id=\"bee58bf\" data-element_type=\"section\">\n\t\t\t\t\t\t<div class=\"elementor-container elementor-column-gap-default\">\n\t\t\t\t\t<div class=\"elementor-column elementor-col-100 elementor-top-column elementor-element elementor-element-2130890\" data-id=\"2130890\" data-element_type=\"column\">\n\t\t\t<div class=\"elementor-widget-wrap elementor-element-populated\">\n\t\t\t\t\t\t\t\t<div class=\"elementor-element elementor-element-02a7fe6 elementor-widget elementor-widget-heading\" data-id=\"02a7fe6\" data-element_type=\"widget\" data-widget_type=\"heading.default\">\n\t\t\t\t<div class=\"elementor-widget-container\">\n\t\t\t<h2 class=\"elementor-heading-title elementor-size-default\"><strong>\u00c1reas de especializaci\u00f3n y soluciones integrales<\/strong><\/h2>\t\t<\/div>\n\t\t\t\t<\/div>\n\t\t\t\t\t<\/div>\n\t\t<\/div>\n\t\t\t\t\t\t\t<\/div>\n\t\t<\/section>\n\t\t\t\t<section class=\"elementor-section elementor-top-section elementor-element elementor-element-855d307 elementor-section-boxed elementor-section-height-default elementor-section-height-default\" data-id=\"855d307\" data-element_type=\"section\">\n\t\t\t\t\t\t<div class=\"elementor-container elementor-column-gap-default\">\n\t\t\t\t\t<div class=\"elementor-column elementor-col-100 elementor-top-column elementor-element elementor-element-fcf936e\" data-id=\"fcf936e\" data-element_type=\"column\">\n\t\t\t<div class=\"elementor-widget-wrap elementor-element-populated\">\n\t\t\t\t\t\t\t\t<div class=\"elementor-element elementor-element-771fd22 elementor-widget elementor-widget-text-editor\" data-id=\"771fd22\" data-element_type=\"widget\" data-widget_type=\"text-editor.default\">\n\t\t\t\t<div class=\"elementor-widget-container\">\n\t\t\t\t\t\t\t<ul><li>En <strong>Energ\u00eda Convencional<\/strong>, <strong>Spec Consulting<\/strong> se especializa en la ejecuci\u00f3n integral de todo tipo de instalaciones de <strong>generaci\u00f3n el\u00e9ctrica<\/strong>. Esto incluye desde <strong>centrales con turbinas de gas<\/strong> y <strong>plantas t\u00e9rmicas convencionales<\/strong> hasta instalaciones de <strong>cogeneraci\u00f3n<\/strong>, <strong>biomasa<\/strong> y sistemas <strong>\u00abwaste to energy\u00bb<\/strong>. Nuestro objetivo es atender la creciente demanda de <strong>alternativas energ\u00e9ticas<\/strong>, aportando soluciones innovadoras en toda la <strong>cadena de valor<\/strong> del sector energ\u00e9tico.<\/li><li>En <strong>Energ\u00edas Renovables<\/strong>, colaboramos con las principales ingenier\u00edas para dise\u00f1ar y ejecutar proyectos <strong>llave en mano<\/strong> como <strong>plantas fotovoltaicas<\/strong>, <strong>termosolares<\/strong>, <strong>parques e\u00f3licos onshore y offshore<\/strong>, as\u00ed como instalaciones de <strong>biog\u00e1s<\/strong>, <strong>biofuel<\/strong>, <strong>hidr\u00e1ulicas<\/strong> y <strong>geot\u00e9rmicas<\/strong>. Tambi\u00e9n trabajamos en <strong>almacenamiento energ\u00e9tico<\/strong>, incluyendo <strong>sales fundidas<\/strong>, <strong>bater\u00edas<\/strong> y sistemas de <strong>bombeo hidr\u00e1ulico<\/strong>, garantizando soluciones sostenibles y eficientes.<\/li><li>En <strong>Mining &amp; Handling<\/strong>, participamos en el desarrollo de proyectos <strong>EPC<\/strong> personalizados, utilizando tecnolog\u00eda avanzada y dise\u00f1o a medida. Nuestra experiencia abarca desde instalaciones para el procesamiento de <strong>mineral de hierro<\/strong>, <strong>oro<\/strong> y <strong>cobre<\/strong>, hasta sistemas para el manejo de <strong>graneles<\/strong>, como <strong>carb\u00f3n<\/strong>, <strong>cemento<\/strong>, <strong>grano<\/strong> y <strong>sulfatos<\/strong>.<\/li><li>En el sector <strong>Oil &amp; Gas<\/strong>, trabajamos junto a los principales operadores internacionales de las industrias <strong>petrolera<\/strong>, <strong>gasista<\/strong> y <strong>petroqu\u00edmica<\/strong>. Desarrollamos proyectos que incluyen almacenamiento de <strong>hidrocarburos<\/strong>, <strong>gases licuados<\/strong> y otros productos esenciales para esta industria.<\/li><li>Nuestra experiencia en <strong>Plantas Industriales<\/strong> incluye el dise\u00f1o, suministro, construcci\u00f3n, montaje y puesta en marcha de instalaciones para sectores como el <strong>sider\u00fargico<\/strong>, <strong>qu\u00edmico<\/strong>, <strong>celulosa<\/strong>, entre otros. En este \u00e1mbito, <strong>Spec<\/strong> y sus socios estrat\u00e9gicos aportan una s\u00f3lida capacidad t\u00e9cnica y los recursos necesarios para garantizar el \u00e9xito en cada proyecto.<\/li><li>En el \u00e1rea de <strong>Log\u00edstica<\/strong>, somos una ingenier\u00eda especializada en ofrecer soluciones <strong>pr\u00e1cticas, rentables y personalizadas<\/strong> para los desaf\u00edos de la <strong>gesti\u00f3n de la cadena de suministro<\/strong>. Nuestro objetivo es ayudar a las empresas a optimizar su log\u00edstica y aumentar su <strong>competitividad<\/strong> en el \u00e1mbito internacional. Facilitamos servicios externos adaptados a las necesidades de cada cliente, independientemente del sector en el que opere, ya sea <strong>productivo<\/strong>, de <strong>servicios<\/strong>, o relacionado con <strong>operadores log\u00edsticos y de transporte<\/strong>. <strong>Nuestros objetivos log\u00edsticos<\/strong> se centran en <strong>reducir costes<\/strong>, <strong>maximizar el rendimiento<\/strong> y simplificar los procesos dentro de la <strong>cadena de suministro<\/strong>, actuando como el nexo ideal entre proveedor y cliente para garantizar una mayor <strong>eficiencia operativa<\/strong>.<\/li><\/ul><p><strong>\u00a0<\/strong><\/p><p><strong>Nuestra filosof\u00eda<\/strong> est\u00e1 basada en aprender de las experiencias pasadas y aplicar esos conocimientos para mejorar continuamente en el futuro. Este compromiso, combinado con nuestra <strong>red internacional de contactos<\/strong> y un enfoque orientado al cliente, ha transformado a <strong>Spec Consulting<\/strong> de una peque\u00f1a consultora en una gran compa\u00f1\u00eda global reconocida por su <strong>excelencia y profesionalismo<\/strong>.<\/p>\t\t\t\t\t\t<\/div>\n\t\t\t\t<\/div>\n\t\t\t\t\t<\/div>\n\t\t<\/div>\n\t\t\t\t\t\t\t<\/div>\n\t\t<\/section>\n\t\t\t\t\t\t\t<\/div>\n\t\t","protected":false},"excerpt":{"rendered":"<p>En Spec Consulting, nuestro compromiso es claro: impulsar el \u00e9xito de los proyectos de nuestros clientes en diversas \u00e1reas de negocio. Somos una empresa multidisciplinar que se beneficia de la amplia experiencia adquirida a lo largo de los a\u00f1os. Cada proyecto realizado y cada desaf\u00edo superado nos han permitido identificar y corregir errores para alcanzar [&hellip;]<\/p>\n","protected":false},"author":1,"featured_media":0,"parent":0,"menu_order":0,"comment_status":"closed","ping_status":"closed","template":"","meta":{"_eb_attr":"","footnotes":""},"class_list":["post-58","page","type-page","status-publish","hentry"],"_links":{"self":[{"href":"https:\/\/www.speckonsulting.com\/index.php\/wp-json\/wp\/v2\/pages\/58","targetHints":{"allow":["GET"]}}],"collection":[{"href":"https:\/\/www.speckonsulting.com\/index.php\/wp-json\/wp\/v2\/pages"}],"about":[{"href":"https:\/\/www.speckonsulting.com\/index.php\/wp-json\/wp\/v2\/types\/page"}],"author":[{"embeddable":true,"href":"https:\/\/www.speckonsulting.com\/index.php\/wp-json\/wp\/v2\/users\/1"}],"replies":[{"embeddable":true,"href":"https:\/\/www.speckonsulting.com\/index.php\/wp-json\/wp\/v2\/comments?post=58"}],"version-history":[{"count":37,"href":"https:\/\/www.speckonsulting.com\/index.php\/wp-json\/wp\/v2\/pages\/58\/revisions"}],"predecessor-version":[{"id":496,"href":"https:\/\/www.speckonsulting.com\/index.php\/wp-json\/wp\/v2\/pages\/58\/revisions\/496"}],"wp:attachment":[{"href":"https:\/\/www.speckonsulting.com\/index.php\/wp-json\/wp\/v2\/media?parent=58"}],"curies":[{"name":"wp","href":"https:\/\/api.w.org\/{rel}","templated":true}]}}