{"id":60,"date":"2023-02-12T19:08:31","date_gmt":"2023-02-12T19:08:31","guid":{"rendered":"https:\/\/www.speckonsulting.com\/?page_id=60"},"modified":"2024-12-04T12:11:55","modified_gmt":"2024-12-04T12:11:55","slug":"areas-de-trabajo","status":"publish","type":"page","link":"https:\/\/www.speckonsulting.com\/index.php\/areas-de-trabajo\/","title":{"rendered":"\u00c1reas de trabajo"},"content":{"rendered":"\t\t<div data-elementor-type=\"wp-page\" data-elementor-id=\"60\" class=\"elementor elementor-60\">\n\t\t\t\t\t\t\t\t\t<section class=\"elementor-section elementor-top-section elementor-element elementor-element-971df1a elementor-section-boxed elementor-section-height-default elementor-section-height-default\" data-id=\"971df1a\" data-element_type=\"section\">\n\t\t\t\t\t\t<div class=\"elementor-container elementor-column-gap-default\">\n\t\t\t\t\t<div class=\"elementor-column elementor-col-100 elementor-top-column elementor-element elementor-element-c97575c\" data-id=\"c97575c\" data-element_type=\"column\">\n\t\t\t<div class=\"elementor-widget-wrap elementor-element-populated\">\n\t\t\t\t\t\t\t\t<div class=\"elementor-element elementor-element-1653c85 elementor-widget elementor-widget-text-editor\" data-id=\"1653c85\" data-element_type=\"widget\" data-widget_type=\"text-editor.default\">\n\t\t\t\t<div class=\"elementor-widget-container\">\n\t\t\t<style>\/*! elementor - v3.10.2 - 29-01-2023 *\/\n.elementor-widget-text-editor.elementor-drop-cap-view-stacked .elementor-drop-cap{background-color:#818a91;color:#fff}.elementor-widget-text-editor.elementor-drop-cap-view-framed .elementor-drop-cap{color:#818a91;border:3px solid;background-color:transparent}.elementor-widget-text-editor:not(.elementor-drop-cap-view-default) .elementor-drop-cap{margin-top:8px}.elementor-widget-text-editor:not(.elementor-drop-cap-view-default) .elementor-drop-cap-letter{width:1em;height:1em}.elementor-widget-text-editor .elementor-drop-cap{float:left;text-align:center;line-height:1;font-size:50px}.elementor-widget-text-editor .elementor-drop-cap-letter{display:inline-block}<\/style>\t\t\t\t<p>En <strong>Spec Consulting<\/strong>, entendemos que cada proyecto presenta desaf\u00edos \u00fanicos. Por eso, como empresa multidisciplinar, nos adaptamos a las necesidades espec\u00edficas de nuestros clientes, ofreciendo soluciones personalizadas y eficientes en sectores clave como la energ\u00eda, miner\u00eda, industria, log\u00edstica y m\u00e1s.<\/p><p>Nuestra experiencia global y el compromiso con la excelencia nos permiten integrar las \u00faltimas tecnolog\u00edas y mejores pr\u00e1cticas, garantizando resultados que no solo cumplen, sino que superan las expectativas. Gracias a nuestra capacidad de adaptaci\u00f3n, consolidamos relaciones de confianza y aportamos valor en cada proyecto que gestionamos.<\/p>\t\t\t\t\t\t<\/div>\n\t\t\t\t<\/div>\n\t\t\t\t\t<\/div>\n\t\t<\/div>\n\t\t\t\t\t\t\t<\/div>\n\t\t<\/section>\n\t\t\t\t<section class=\"elementor-section elementor-top-section elementor-element elementor-element-73d5720 elementor-section-boxed elementor-section-height-default elementor-section-height-default\" data-id=\"73d5720\" data-element_type=\"section\">\n\t\t\t\t\t\t<div class=\"elementor-container elementor-column-gap-default\">\n\t\t\t\t\t<div class=\"elementor-column elementor-col-50 elementor-top-column elementor-element elementor-element-f1652f3\" data-id=\"f1652f3\" data-element_type=\"column\">\n\t\t\t<div class=\"elementor-widget-wrap elementor-element-populated\">\n\t\t\t\t\t\t\t\t<div class=\"elementor-element elementor-element-2ceee23 elementor-widget elementor-widget-heading\" data-id=\"2ceee23\" data-element_type=\"widget\" data-widget_type=\"heading.default\">\n\t\t\t\t<div class=\"elementor-widget-container\">\n\t\t\t<style>\/*! elementor - v3.10.2 - 29-01-2023 *\/\n.elementor-heading-title{padding:0;margin:0;line-height:1}.elementor-widget-heading .elementor-heading-title[class*=elementor-size-]>a{color:inherit;font-size:inherit;line-height:inherit}.elementor-widget-heading .elementor-heading-title.elementor-size-small{font-size:15px}.elementor-widget-heading .elementor-heading-title.elementor-size-medium{font-size:19px}.elementor-widget-heading .elementor-heading-title.elementor-size-large{font-size:29px}.elementor-widget-heading .elementor-heading-title.elementor-size-xl{font-size:39px}.elementor-widget-heading .elementor-heading-title.elementor-size-xxl{font-size:59px}<\/style><h2 class=\"elementor-heading-title elementor-size-default\">Infraestructura y Construcci\u00f3n<\/h2>\t\t<\/div>\n\t\t\t\t<\/div>\n\t\t\t\t<div class=\"elementor-element elementor-element-84772d2 elementor-widget elementor-widget-text-editor\" data-id=\"84772d2\" data-element_type=\"widget\" data-widget_type=\"text-editor.default\">\n\t\t\t\t<div class=\"elementor-widget-container\">\n\t\t\t\t\t\t\t<p>En <strong>Spec Consulting<\/strong>, ofrecemos servicios especializados en <strong>infraestructura y construcci\u00f3n<\/strong>, asegurando un enfoque integral que abarca desde la <strong>estructuraci\u00f3n financiera del proyecto<\/strong> hasta la gesti\u00f3n de recursos y la ejecuci\u00f3n en formatos <strong>EPC (Engineering, Procurement, and Construction)<\/strong> o <strong>PPP (Public-Private Partnership)<\/strong>.<\/p><p>Nuestra experiencia nos permite dise\u00f1ar estrategias financieras s\u00f3lidas y adaptadas a las necesidades de cada proyecto, garantizando su viabilidad y \u00e9xito a largo plazo. Trabajamos con los mejores socios internacionales para coordinar cada fase, desde la planificaci\u00f3n hasta la entrega, con altos est\u00e1ndares de calidad y eficiencia.<\/p><p>En el formato <strong>EPC<\/strong>, nos encargamos de la gesti\u00f3n completa, asegurando que cada aspecto del proyecto, desde la ingenier\u00eda hasta la construcci\u00f3n, se lleve a cabo de manera eficiente y dentro del presupuesto. Por otro lado, bajo el modelo <strong>PPP<\/strong>, facilitamos colaboraciones estrat\u00e9gicas entre el sector p\u00fablico y privado, proporcionando soluciones que maximizan el retorno de la inversi\u00f3n y el impacto social.<\/p><p>Nuestra capacidad para gestionar proyectos complejos en mercados globales refuerza nuestra posici\u00f3n como un socio confiable para el desarrollo de infraestructuras modernas y sostenibles, adapt\u00e1ndonos a las demandas espec\u00edficas de cada sector y regi\u00f3n.<\/p>\t\t\t\t\t\t<\/div>\n\t\t\t\t<\/div>\n\t\t\t\t\t<\/div>\n\t\t<\/div>\n\t\t\t\t<div class=\"elementor-column elementor-col-50 elementor-top-column elementor-element elementor-element-10a9a92\" data-id=\"10a9a92\" data-element_type=\"column\">\n\t\t\t<div class=\"elementor-widget-wrap elementor-element-populated\">\n\t\t\t\t\t\t\t\t<div class=\"elementor-element elementor-element-7533426 elementor-widget elementor-widget-heading\" data-id=\"7533426\" data-element_type=\"widget\" data-widget_type=\"heading.default\">\n\t\t\t\t<div class=\"elementor-widget-container\">\n\t\t\t<h2 class=\"elementor-heading-title elementor-size-default\">Energ\u00eda y Plantas Industriales<\/h2>\t\t<\/div>\n\t\t\t\t<\/div>\n\t\t\t\t<div class=\"elementor-element elementor-element-983a359 elementor-widget elementor-widget-text-editor\" data-id=\"983a359\" data-element_type=\"widget\" data-widget_type=\"text-editor.default\">\n\t\t\t\t<div class=\"elementor-widget-container\">\n\t\t\t\t\t\t\t<p>Estamos especializados en el desarrollo y ejecuci\u00f3n de proyectos <strong>\u201cTurn Key\u201d (llave en mano)<\/strong> en los sectores de <strong>energ\u00eda<\/strong> y <strong>plantas industriales<\/strong>, ofreciendo soluciones innovadoras y adaptadas a las necesidades espec\u00edficas de cada cliente.<\/p><p>Nuestra experiencia abarca una amplia gama de tecnolog\u00edas y aplicaciones:<\/p><ul><li><strong>Plantas fotovoltaicas<\/strong>: Dise\u00f1o, construcci\u00f3n y puesta en marcha de instalaciones solares que maximizan la eficiencia energ\u00e9tica.<\/li><li><strong>Energ\u00eda e\u00f3lica<\/strong>: Desarrollo de parques e\u00f3licos tanto onshore como offshore, incorporando las \u00faltimas tecnolog\u00edas.<\/li><li><strong>Ciclos combinados<\/strong>: Implementaci\u00f3n de sistemas avanzados que combinan eficiencia y sostenibilidad para la generaci\u00f3n el\u00e9ctrica.<\/li><li><strong>Valorizaci\u00f3n de residuos<\/strong>: Proyectos de <strong>waste to energy<\/strong> que transforman residuos en energ\u00eda \u00fatil, impulsando la econom\u00eda circular.<\/li><\/ul><p>Adem\u00e1s, proporcionamos servicios clave como la <strong>obtenci\u00f3n de financiaci\u00f3n<\/strong>, la <strong>gesti\u00f3n y venta de activos energ\u00e9ticos<\/strong>, y soluciones integrales en formato <strong>EPC (Engineering, Procurement, and Construction)<\/strong>, garantizando la m\u00e1xima calidad en cada etapa del proyecto.<\/p><p>Nuestra capacidad para abordar proyectos complejos en mercados internacionales nos posiciona como un referente en la creaci\u00f3n de infraestructuras energ\u00e9ticas eficientes, sostenibles y rentables. En <strong>Spec Consulting<\/strong>, trabajamos para impulsar un futuro energ\u00e9tico m\u00e1s limpio y competitivo.<\/p>\t\t\t\t\t\t<\/div>\n\t\t\t\t<\/div>\n\t\t\t\t\t<\/div>\n\t\t<\/div>\n\t\t\t\t\t\t\t<\/div>\n\t\t<\/section>\n\t\t\t\t<section class=\"elementor-section elementor-top-section elementor-element elementor-element-8dabc55 elementor-section-boxed elementor-section-height-default elementor-section-height-default\" data-id=\"8dabc55\" data-element_type=\"section\">\n\t\t\t\t\t\t<div class=\"elementor-container elementor-column-gap-default\">\n\t\t\t\t\t<div class=\"elementor-column elementor-col-50 elementor-top-column elementor-element elementor-element-d231e71\" data-id=\"d231e71\" data-element_type=\"column\">\n\t\t\t<div class=\"elementor-widget-wrap elementor-element-populated\">\n\t\t\t\t\t\t\t\t<div class=\"elementor-element elementor-element-64a5576 elementor-widget elementor-widget-heading\" data-id=\"64a5576\" data-element_type=\"widget\" data-widget_type=\"heading.default\">\n\t\t\t\t<div class=\"elementor-widget-container\">\n\t\t\t<h2 class=\"elementor-heading-title elementor-size-default\">ManPower<\/h2>\t\t<\/div>\n\t\t\t\t<\/div>\n\t\t\t\t<div class=\"elementor-element elementor-element-29c7df2 elementor-widget elementor-widget-text-editor\" data-id=\"29c7df2\" data-element_type=\"widget\" data-widget_type=\"text-editor.default\">\n\t\t\t\t<div class=\"elementor-widget-container\">\n\t\t\t\t\t\t\t<p>En <strong>Spec Consulting<\/strong>, ofrecemos servicios de <strong>selecci\u00f3n de personal<\/strong> altamente cualificado en el \u00e1mbito de la <strong>metalmec\u00e1nica<\/strong> y la <strong>construcci\u00f3n<\/strong>, con un enfoque en la modalidad de <strong>Outsourcing<\/strong>. Nuestro compromiso es proporcionar a las empresas los recursos humanos que necesitan para operar con los m\u00e1s altos est\u00e1ndares de calidad.<\/p><p>Nos especializamos en la provisi\u00f3n de personal para sectores clave, como:<\/p><ul><li><strong>Industria<\/strong>: Selecci\u00f3n de t\u00e9cnicos y operarios especializados en procesos industriales avanzados.<\/li><li><strong>Astilleros<\/strong>: Personal cualificado en construcci\u00f3n, reparaci\u00f3n y mantenimiento naval.<\/li><li><strong>Infraestructuras<\/strong>: Recursos humanos adaptados a proyectos de gran escala en obras p\u00fablicas y privadas.<\/li><li><strong>Edificaci\u00f3n<\/strong>: Profesionales expertos en la construcci\u00f3n y rehabilitaci\u00f3n de edificios, garantizando calidad y cumplimiento de normativas.<\/li><\/ul><p>Cada candidato pasa por rigurosos procesos de selecci\u00f3n, asegurando que cumpla con los <strong>est\u00e1ndares de calidad m\u00e1s exigentes<\/strong>. Adem\u00e1s, nuestra metodolog\u00eda de <strong>Outsourcing<\/strong> permite a las empresas optimizar sus operaciones, reducir costes y centrarse en su actividad principal mientras nosotros gestionamos la provisi\u00f3n de talento.<\/p><p>En <strong>Spec Consulting<\/strong>, entendemos que el \u00e9xito de un proyecto depende en gran medida de contar con el equipo adecuado. Por ello, trabajamos estrechamente con nuestros clientes para identificar sus necesidades espec\u00edficas y proporcionar soluciones personalizadas que impulsen la eficiencia y los resultados.<\/p>\t\t\t\t\t\t<\/div>\n\t\t\t\t<\/div>\n\t\t\t\t\t<\/div>\n\t\t<\/div>\n\t\t\t\t<div class=\"elementor-column elementor-col-50 elementor-top-column elementor-element elementor-element-687745c\" data-id=\"687745c\" data-element_type=\"column\">\n\t\t\t<div class=\"elementor-widget-wrap elementor-element-populated\">\n\t\t\t\t\t\t\t\t<div class=\"elementor-element elementor-element-0fc3f7a elementor-widget elementor-widget-heading\" data-id=\"0fc3f7a\" data-element_type=\"widget\" data-widget_type=\"heading.default\">\n\t\t\t\t<div class=\"elementor-widget-container\">\n\t\t\t<h2 class=\"elementor-heading-title elementor-size-default\">Comercio Internacional<\/h2>\t\t<\/div>\n\t\t\t\t<\/div>\n\t\t\t\t<div class=\"elementor-element elementor-element-68ccf0f elementor-widget elementor-widget-text-editor\" data-id=\"68ccf0f\" data-element_type=\"widget\" data-widget_type=\"text-editor.default\">\n\t\t\t\t<div class=\"elementor-widget-container\">\n\t\t\t\t\t\t\t<p>En <strong>Spec Consulting<\/strong>, nos especializamos en el <strong>comercio internacional<\/strong> de <strong>commodities<\/strong> y <strong>materias primas<\/strong>, proporcionando soluciones integrales en log\u00edstica, estructuraci\u00f3n y cumplimiento normativo para la compra y venta de productos esenciales.<\/p><p>Nuestra experiencia en la gesti\u00f3n comercial incluye:<\/p><ul><li><strong>Productos b\u00e1sicos alimentarios<\/strong>: Comercializaci\u00f3n de bienes como el <strong>az\u00facar ICUMSA 45<\/strong>, <strong>aceite de soja y girasol<\/strong>, y <strong>urea<\/strong>, garantizando calidad y trazabilidad en cada transacci\u00f3n.<\/li><li><strong>Minerales y materias primas<\/strong>: Abastecimiento y comercializaci\u00f3n de materiales como el <strong>Iron Ore (mineral de hierro)<\/strong>, atendiendo a las necesidades de clientes en mercados globales.<\/li><\/ul><p>Cumplimos rigurosamente con las normativas y est\u00e1ndares establecidos por la <strong>C\u00e1mara de Comercio Internacional (CCI)<\/strong>, asegurando operaciones transparentes, seguras y eficientes en cada etapa del proceso.<\/p><p>Como <strong>comercializadora internacional<\/strong>, ofrecemos servicios personalizados que optimizan la cadena de suministro, desde la negociaci\u00f3n y estructuraci\u00f3n financiera hasta la log\u00edstica y entrega final. Nuestro enfoque est\u00e1 orientado a conectar proveedores y compradores de manera eficiente, asegurando un flujo constante y confiable de productos b\u00e1sicos en mercados globales.<\/p><p>En <strong>Spec Consulting<\/strong>, entendemos la importancia estrat\u00e9gica del comercio de materias primas para el desarrollo econ\u00f3mico, y trabajamos con un enfoque profesional y comprometido para satisfacer las demandas de un entorno internacional din\u00e1mico y competitivo.Estam<\/p>\t\t\t\t\t\t<\/div>\n\t\t\t\t<\/div>\n\t\t\t\t\t<\/div>\n\t\t<\/div>\n\t\t\t\t\t\t\t<\/div>\n\t\t<\/section>\n\t\t\t\t\t\t\t<\/div>\n\t\t","protected":false},"excerpt":{"rendered":"<p>En Spec Consulting, entendemos que cada proyecto presenta desaf\u00edos \u00fanicos. Por eso, como empresa multidisciplinar, nos adaptamos a las necesidades espec\u00edficas de nuestros clientes, ofreciendo soluciones personalizadas y eficientes en sectores clave como la energ\u00eda, miner\u00eda, industria, log\u00edstica y m\u00e1s. Nuestra experiencia global y el compromiso con la excelencia nos permiten integrar las \u00faltimas tecnolog\u00edas [&hellip;]<\/p>\n","protected":false},"author":1,"featured_media":0,"parent":0,"menu_order":0,"comment_status":"closed","ping_status":"closed","template":"","meta":{"_eb_attr":"","footnotes":""},"class_list":["post-60","page","type-page","status-publish","hentry"],"_links":{"self":[{"href":"https:\/\/www.speckonsulting.com\/index.php\/wp-json\/wp\/v2\/pages\/60","targetHints":{"allow":["GET"]}}],"collection":[{"href":"https:\/\/www.speckonsulting.com\/index.php\/wp-json\/wp\/v2\/pages"}],"about":[{"href":"https:\/\/www.speckonsulting.com\/index.php\/wp-json\/wp\/v2\/types\/page"}],"author":[{"embeddable":true,"href":"https:\/\/www.speckonsulting.com\/index.php\/wp-json\/wp\/v2\/users\/1"}],"replies":[{"embeddable":true,"href":"https:\/\/www.speckonsulting.com\/index.php\/wp-json\/wp\/v2\/comments?post=60"}],"version-history":[{"count":32,"href":"https:\/\/www.speckonsulting.com\/index.php\/wp-json\/wp\/v2\/pages\/60\/revisions"}],"predecessor-version":[{"id":500,"href":"https:\/\/www.speckonsulting.com\/index.php\/wp-json\/wp\/v2\/pages\/60\/revisions\/500"}],"wp:attachment":[{"href":"https:\/\/www.speckonsulting.com\/index.php\/wp-json\/wp\/v2\/media?parent=60"}],"curies":[{"name":"wp","href":"https:\/\/api.w.org\/{rel}","templated":true}]}}